


{"id":496,"date":"2020-06-03T18:24:28","date_gmt":"2020-06-03T16:24:28","guid":{"rendered":"http:\/\/rorschachstudio.it\/rstudio\/?page_id=496"},"modified":"2023-10-16T13:15:57","modified_gmt":"2023-10-16T11:15:57","slug":"rorschach-studio-st","status":"publish","type":"page","link":"http:\/\/rorschachstudio.it\/rstudio\/rorschach-studio-st\/","title":{"rendered":"Requisiti di sistema"},"content":{"rendered":"\n<p><em>Leggi anche: <\/em><a href=\"http:\/\/rorschachstudio.it\/rstudio\/problemi-noti-del-software\/\" data-type=\"page\" data-id=\"1818\">Problemi noti del software<\/a><\/p>\n\n\n\n<p>Per poter usare Rorschach Studio, devi assicurarti di avere un <strong>device compatibile<\/strong>, un <strong>sistema operativo<\/strong> <strong>supportato<\/strong> e i <strong>requisiti per l&#8217;installazione<\/strong>.<\/p>\n\n\n\n<h2 class=\"wp-block-heading\">Hardware compatibile<\/h2>\n\n\n\n<p>Rorschach Studio \u00e8 un programma in Java eseguito su <strong>Adopt Open JDK 17. <\/strong>pertanto pu\u00f2 essere usato su tutte le macchine ed i sistemi compatibili con questa versione di java.<\/p>\n\n\n\n<p>Sono supportati tutti i comuni <strong>pc <\/strong>che i mac fino al 2019.<\/p>\n\n\n\n<h3 class=\"wp-block-heading\">Rorschach Studio su Mac con chip M1<\/h3>\n\n\n\n<p>I Mac con chip M1 usano l&#8217;architettura ARM invece della normale architettura x64. Tuttavia, per garantire un minimo di compatibilit\u00e0, hanno il software integrato <em>Rosetta<\/em> che fa partire in modalit\u00e0 compatibile anche i programmi x64.<\/p>\n\n\n\n<p>Tra questi, chiaramente, c&#8217;\u00e8 anche Java e Rorschach Studio. La versione 1.4.0 del software \u00e8 la minima consigliata su questo tipo di Mac. <\/p>\n\n\n\n<p>Bisogna considerare per\u00f2 che <em>Rosetta <\/em>\u00e8 un software della Apple. Noi non possiamo garantire n\u00e9 il funzionamento di Rosetta n\u00e9 il modo in cui interfaccer\u00e0 con l&#8217;hardware, dipende dalle caratteristiche del tuo mac. Se hai avuto esperienze negative nel far girare software x64 su mac M1, considera che Rorschach Studio potrebbe avere un comportamento problematico.<\/p>\n\n\n\n<h3 class=\"wp-block-heading\">Hardware minimo<\/h3>\n\n\n\n<ul class=\"wp-block-list\">\n<li>Processore  Intel Core i3-3210 3.2 GHz \/ AMD A8-7600 APU 3.1 GHz o equivalente;<\/li>\n\n\n\n<li>2 GB Ram;<\/li>\n\n\n\n<li>Almeno 250 MB per l&#8217;installazione<\/li>\n<\/ul>\n\n\n\n<h2 class=\"wp-block-heading\">Sistemi operativi supportati<\/h2>\n\n\n\n<h3 class=\"wp-block-heading\">Sistemi operativi supportati<\/h3>\n\n\n\n<ul><li>Windows 10 (8u51 e versioni successive);<\/li><li>Windows 8.x (Desktop);<\/li><li>Windows 7 SP1;<\/li><li>Windows Vista SP2;<\/li><li>Windows Server 2008 R2 SPI1 (64 bit);<\/li><li>Windows Server 2012 e 2012 R2 (64 bit);<\/li><li>Mac OSX 10.8 fino a 10.14;<\/li><\/ul>\n\n\n\n<h4 class=\"wp-block-heading\">\u26d4 Windows XP<\/h4>\n\n\n\n<p>Windows XP non \u00e8 supportato ufficialmente, tuttavia \u00e8 possibile che il software sia compatibile con le macchine pi\u00f9 recenti. Verificare l\u2019eventuale compatibilit\u00e0 prima di acquistare il software.<\/p>\n\n\n\n<p>\u26d4 <strong>Linux<\/strong><\/p>\n\n\n\n<p>Questo sistema operativo non \u00e8 supportato.<\/p>\n\n\n\n<h4 class=\"wp-block-heading\">\u26d4 Versioni OSX minori di 10.10<\/h4>\n\n\n\n<p>Le versioni di Mac OSX inferiori alla versione 10.8 non sono supportate. La versione 10.9 \u00e8 supportata in via del tutto non ufficiale &#8212; gli utenti riportano che funziona, ma non \u00e8 garantita.<\/p>\n\n\n\n<h4 class=\"wp-block-heading\">\u26d4 Versioni OSX successive alla 10.14<\/h4>\n\n\n\n<p>Diversi utenti usano la versione su OSX 10.15 e non hanno riportato problemi. Le versioni successive alla 10.14 non sono supportate ufficialmente, tuttavia dovrebbero essere utilizzabili fatto salvo i limiti che la apple mette all&#8217;utilizzo di software terzo nei suoi device. Java supporta ufficialmente fino a MacOS 12.<\/p>\n\n\n\n<h4 class=\"wp-block-heading\">OSX e GateKeeper<\/h4>\n\n\n\n<p>Rorschach Studio <strong>non pu\u00f2 essere utilizzato <\/strong>con Gatekeeper. E&#8217; necessario disattivare questo parametro di sicurezza sul proprio mac per poter usare questo software.<\/p>\n\n\n\n<h2 class=\"wp-block-heading\">Altri requisiti<\/h2>\n\n\n\n<ul class=\"wp-block-list\">\n<li>E&#8217; necessaria una connessione ad internet per attivare il programma<\/li>\n\n\n\n<li>Il software pu\u00f2 essere installato <strong>su un solo device<\/strong>, una volta installato il software <strong>non pu\u00f2 essere installato su device diversi, <\/strong>anche se di propriet\u00e0 dello stesso cliente;<\/li>\n<\/ul>\n\n\n\n<p><\/p>\n","protected":false},"excerpt":{"rendered":"<p>Leggi anche: Problemi noti del software Per poter usare Rorschach Studio, devi assicurarti di avere un device compatibile, un sistema operativo supportato e i requisiti per l&#8217;installazione. Hardware compatibile Rorschach Studio \u00e8 un programma in Java eseguito su Adopt Open JDK 17. pertanto pu\u00f2 essere usato su tutte le macchine [&hellip;]<\/p>\n","protected":false},"author":1,"featured_media":0,"parent":0,"menu_order":0,"comment_status":"closed","ping_status":"closed","template":"","meta":{"footnotes":""},"class_list":["post-496","page","type-page","status-publish","hentry"],"_links":{"self":[{"href":"http:\/\/rorschachstudio.it\/rstudio\/wp-json\/wp\/v2\/pages\/496","targetHints":{"allow":["GET"]}}],"collection":[{"href":"http:\/\/rorschachstudio.it\/rstudio\/wp-json\/wp\/v2\/pages"}],"about":[{"href":"http:\/\/rorschachstudio.it\/rstudio\/wp-json\/wp\/v2\/types\/page"}],"author":[{"embeddable":true,"href":"http:\/\/rorschachstudio.it\/rstudio\/wp-json\/wp\/v2\/users\/1"}],"replies":[{"embeddable":true,"href":"http:\/\/rorschachstudio.it\/rstudio\/wp-json\/wp\/v2\/comments?post=496"}],"version-history":[{"count":11,"href":"http:\/\/rorschachstudio.it\/rstudio\/wp-json\/wp\/v2\/pages\/496\/revisions"}],"predecessor-version":[{"id":1821,"href":"http:\/\/rorschachstudio.it\/rstudio\/wp-json\/wp\/v2\/pages\/496\/revisions\/1821"}],"wp:attachment":[{"href":"http:\/\/rorschachstudio.it\/rstudio\/wp-json\/wp\/v2\/media?parent=496"}],"curies":[{"name":"wp","href":"https:\/\/api.w.org\/{rel}","templated":true}]}}