


{"id":428,"date":"2020-06-08T17:38:15","date_gmt":"2020-06-08T15:38:15","guid":{"rendered":"http:\/\/rorschachstudio.it\/rstudio\/?page_id=428"},"modified":"2023-04-17T15:19:55","modified_gmt":"2023-04-17T13:19:55","slug":"rorshach-pro","status":"publish","type":"page","link":"http:\/\/rorschachstudio.it\/rstudio\/rorshach-pro\/","title":{"rendered":"Rorshach Pro"},"content":{"rendered":"\n<p>Lavorare bene, lavorare in modo sicuro.<\/p>\n\n\n\n<p><em>Rorschach Pro <\/em>\u00e8 il servizio che Studio Rorschach ha pensato per aiutare tutti i professionisti che si trovano a dover affrontare il mondo del metodo Exner.<\/p>\n\n\n\n<p>Si tratta di un sistema innovativo di supervisione <em>light<\/em>, che permette a) di beneficiare di un canale di comunicazione sicuro grazie al software <em>Rorschach Studio<\/em> e b) di poter diramare quei dubbi che fanno ballare la validit\u00e0 di una somministrazione o cambiano la linea guida di una codifica.<\/p>\n\n\n\n<h3 class=\"wp-block-heading\">Dettagli e costi<\/h3>\n\n\n\n<p>La supervisione light comprende:<\/p>\n\n\n\n<div class=\"wp-block-columns is-layout-flex wp-container-core-columns-is-layout-1 wp-block-columns-is-layout-flex\">\n<div class=\"wp-block-column is-layout-flow wp-block-column-is-layout-flow\">\n<h4 class=\"wp-block-heading\"><i class=\"fas fa-question-circle\"><\/i> Token supervisione<\/h4>\n\n\n\n<p>Potrai fare fino a <strong>5 domande <\/strong>su un protocollo per diramare dubbi sulle <strong>siglature<\/strong>.<\/p>\n\n\n\n<div class=\"wp-block-buttons is-layout-flex wp-block-buttons-is-layout-flex\">\n<div class=\"wp-block-button has-custom-width wp-block-button__width-100 has-custom-font-size has-small-font-size\"><a class=\"wp-block-button__link has-accent-background-color has-background wp-element-button\" href=\"#tokens\">Approfondisci<\/a><\/div>\n<\/div>\n<\/div>\n\n\n\n<div class=\"wp-block-column is-layout-flow wp-block-column-is-layout-flow\">\n<h4 class=\"wp-block-heading\"><i class=\"fas fa-laptop\"><\/i> Rorschach Studio<\/h4>\n\n\n\n<p>Il software <strong>Rorschach Studio<\/strong>, per permetterti di comunicare i tuoi protocolli digitalmente, <strong>senza alcun limite di tempo<\/strong>. Potrai siglare e pre-valutare tutti i protocolli che vorrai, anche offline!<\/p>\n\n\n\n<div class=\"wp-block-buttons is-layout-flex wp-block-buttons-is-layout-flex\">\n<div class=\"wp-block-button has-custom-width wp-block-button__width-100 has-custom-font-size has-small-font-size\"><a class=\"wp-block-button__link has-accent-background-color has-background wp-element-button\" href=\"#software\">Approfondisci<\/a><\/div>\n<\/div>\n<\/div>\n<\/div>\n\n\n\n<div class=\"wp-block-columns is-layout-flex wp-container-core-columns-is-layout-2 wp-block-columns-is-layout-flex\">\n<div class=\"wp-block-column is-layout-flow wp-block-column-is-layout-flow\" style=\"flex-basis:66.66%\">\n<p class=\"has-accent-color has-text-color\"><strong>Costo della supervisione: \u20ac 119<\/strong><\/p>\n\n\n\n<p>Acquista ora e prenota subito i tuoi token supervisione!<\/p>\n<\/div>\n\n\n\n<div class=\"wp-block-column is-layout-flow wp-block-column-is-layout-flow\" style=\"flex-basis:33.33%\">\n<div class=\"wp-block-buttons is-layout-flex wp-block-buttons-is-layout-flex\">\n<div class=\"wp-block-button has-custom-width wp-block-button__width-100\"><a class=\"wp-block-button__link has-white-color has-accent-background-color has-text-color has-background wp-element-button\" href=\"http:\/\/rorschachstudio.it\/rstudio\/users\/proregistration\/\" target=\"_blank\" rel=\"noreferrer noopener\"><strong>Acquista<\/strong><\/a><\/div>\n<\/div>\n<\/div>\n<\/div>\n\n\n\n<a id=\"tokens\"><\/a>\n\n\n\n<h2 class=\"wp-block-heading\">Dettagli<\/h2>\n\n\n\n<h3 class=\"wp-block-heading\">La supervisione<\/h3>\n\n\n\n<p>La supervisione<em> light <\/em>si applica ad un singolo protocollo, e ti permette di diramare i tuoi dubbi sulla siglatura ponendo fino a <strong>5 domande<\/strong>. Ad esempio potrai: <\/p>\n\n\n\n<ul class=\"wp-block-list\">\n<li>Porre quesiti di natura teorica;<\/li>\n\n\n\n<li>Chiedere se la sigla individuata \u00e8 corretta;<\/li>\n\n\n\n<li>Chiedere quale codice andrebbe apposto nella risposta;<\/li>\n<\/ul>\n\n\n\n<p>Il tutto con la sicurezza usata da <em>Rorschach Studio, <\/em>il nostro software di punta.<\/p>\n\n\n\n<p>Non dovrai fare subito tutte le tue domande, avrai fino ad <strong>un mese di tempo<\/strong> per approfondire il tuo protocollo.<\/p>\n\n\n\n<a id=\"rstudio\"><\/a>\n\n\n\n<h3 class=\"wp-block-heading\">Rorschach Studio<\/h3>\n\n\n\n<p><em>Rorschach Studio <\/em>\u00e8 la nostra risposta ad una esigenza di <strong>modernit\u00e0. <\/strong>I software che esistono adesso per la siglatura del test con il metodo Exner sono antiquati, costosi, non localizzati. Inoltre non sono rispettosi di quella che \u00e8 una  esigenza professionale inderogabile al giorno d&#8217;oggi: la privacy. Questi software non garantiscono realmente la difficolt\u00e0 d&#8217;accesso al materiale dei nostri pazienti, oppure sono solo in formato online, richiedendoci di lasciare in giro in rete le informazioni importanti.<\/p>\n\n\n\n<p>Con queste linee guida in mente abbiamo pensato ad un software moderno, ma soprattutto sicuro, che permette all&#8217;utente di decidere quanto e come gestire i propri dati. L&#8217;interfaccia moderna ed <strong>italiana<\/strong> del nostro software garantisce la sua compatibilit\u00e0 con i sistemi pi\u00f9 moderni, inclusi i mac OS X, con quella possibilit\u00e0 di poter tenere i propri dati sotto mano come fossero documenti word, senza bisogno di avere accesso ad internet per leggerli o lavorarci su.<\/p>\n\n\n\n<p>Per ulteriori informazioni puoi leggere la <em><a href=\"http:\/\/rorschachstudio.it\/rstudio\/rorschach-studio-st\/\" data-type=\"URL\" data-id=\"http:\/\/rorschachstudio.it\/rstudio\/rorschach-studio-st\/\">scheda tecnica<\/a><\/em> di Rorschach Studio.<\/p>\n\n\n\n<h4 class=\"wp-block-heading\">Novit\u00e0 esclusiva: ora puoi interpretare!<\/h4>\n\n\n\n<p class=\"has-text-align-left\">Dalla versione 1.2 Rorschach Studio avr\u00e0, <strong>in esclusiva per i sottoscrittori Rorschach Pro, <\/strong>la possibilit\u00e0 di scrivere all&#8217;interno del programma la propria interpretazione. Potrai scrivere il tuo report tenendo davanti a te tutti i codici che ti servono, e potrai anche creare i tuoi cluster personalizzati! <\/p>\n\n\n\n<small> La supervisione dell&#8217;interpretazione non \u00e8 compresa nel servizio Rorschach Pro &#8211; l&#8217;inserimento della stessa nel software \u00e8 un extra che ci \u00e8 sembrato necessario per tutti i professionisti! <\/small>\n\n\n\n<div class=\"wp-block-columns is-layout-flex wp-container-core-columns-is-layout-3 wp-block-columns-is-layout-flex\">\n<div class=\"wp-block-column is-layout-flow wp-block-column-is-layout-flow\" style=\"flex-basis:66.66%\">\n<p class=\"has-accent-color has-text-color\"><strong>Costo della supervisione: \u20ac 119<\/strong><\/p>\n\n\n\n<p>Acquista ora e prenota subito i tuoi token supervisione!<\/p>\n<\/div>\n\n\n\n<div class=\"wp-block-column is-layout-flow wp-block-column-is-layout-flow\" style=\"flex-basis:33.33%\">\n<div class=\"wp-block-buttons is-layout-flex wp-block-buttons-is-layout-flex\">\n<div class=\"wp-block-button has-custom-width wp-block-button__width-100\"><a class=\"wp-block-button__link has-white-color has-accent-background-color has-text-color has-background wp-element-button\" href=\"http:\/\/rorschachstudio.it\/rstudio\/users\/proregistration\/\" target=\"_blank\" rel=\"noreferrer noopener\"><strong>Acquista<\/strong><\/a><\/div>\n<\/div>\n<\/div>\n<\/div>\n","protected":false},"excerpt":{"rendered":"<p>Lavorare bene, lavorare in modo sicuro. Rorschach Pro \u00e8 il servizio che Studio Rorschach ha pensato per aiutare tutti i professionisti che si trovano a dover affrontare il mondo del metodo Exner. Si tratta di un sistema innovativo di supervisione light, che permette a) di beneficiare di un canale di [&hellip;]<\/p>\n","protected":false},"author":1,"featured_media":0,"parent":0,"menu_order":0,"comment_status":"closed","ping_status":"closed","template":"","meta":{"footnotes":""},"class_list":["post-428","page","type-page","status-publish","hentry"],"_links":{"self":[{"href":"http:\/\/rorschachstudio.it\/rstudio\/wp-json\/wp\/v2\/pages\/428","targetHints":{"allow":["GET"]}}],"collection":[{"href":"http:\/\/rorschachstudio.it\/rstudio\/wp-json\/wp\/v2\/pages"}],"about":[{"href":"http:\/\/rorschachstudio.it\/rstudio\/wp-json\/wp\/v2\/types\/page"}],"author":[{"embeddable":true,"href":"http:\/\/rorschachstudio.it\/rstudio\/wp-json\/wp\/v2\/users\/1"}],"replies":[{"embeddable":true,"href":"http:\/\/rorschachstudio.it\/rstudio\/wp-json\/wp\/v2\/comments?post=428"}],"version-history":[{"count":45,"href":"http:\/\/rorschachstudio.it\/rstudio\/wp-json\/wp\/v2\/pages\/428\/revisions"}],"predecessor-version":[{"id":1788,"href":"http:\/\/rorschachstudio.it\/rstudio\/wp-json\/wp\/v2\/pages\/428\/revisions\/1788"}],"wp:attachment":[{"href":"http:\/\/rorschachstudio.it\/rstudio\/wp-json\/wp\/v2\/media?parent=428"}],"curies":[{"name":"wp","href":"https:\/\/api.w.org\/{rel}","templated":true}]}}